{"id":255,"date":"2024-11-04T16:41:54","date_gmt":"2024-11-04T15:41:54","guid":{"rendered":"https:\/\/nagynap.kisgalamb.hu\/?page_id=255"},"modified":"2025-03-04T18:20:21","modified_gmt":"2025-03-04T17:20:21","slug":"visszajelzes","status":"publish","type":"page","link":"https:\/\/nagynap.kisgalamb.hu\/?page_id=255","title":{"rendered":"Visszajelz\u00e9s"},"content":{"rendered":"\n<p>Sziasztok! K\u00f6sz\u00f6nj\u00fck, hogy ell\u00e1togattatok a honlapunkra! <\/p>\n\n\n\n<p>Ha m\u00e1r itt j\u00e1rtok, ne feledj\u00e9tek, hogy <strong>2025. m\u00e1jus 31-ig <\/strong>v\u00e1rjuk t\u0151letek a visszajelz\u00e9st a r\u00e9szv\u00e9teletekkel kapcsolatban.<\/p>\n\n\n\n<p>Ezen az oldalon is elk\u00fcldhetitek a visszajelz\u00e9st, a kieg\u00e9sz\u00edt\u0151 inform\u00e1ci\u00f3kat, innen is c\u00e9lba\u00e9r!<\/p>\n\n\n\n<p><center><iframe src=\"https:\/\/docs.google.com\/forms\/d\/e\/1FAIpQLSdmhiZ3HqD_azlhTz-ztwa1fVBGSWMN0eMvPm-obgyHeW3lGA\/viewform?embedded=true\" width=\"1000\" height=\"1200\" frameborder=\"0\" marginheight=\"0\" marginwidth=\"0\">Bet\u00f6lt\u00e9s\u2026<\/iframe><\/center><\/p>\n","protected":false},"excerpt":{"rendered":"<p>Sziasztok! K\u00f6sz\u00f6nj\u00fck, hogy ell\u00e1togattatok a honlapunkra! Ha m\u00e1r itt j\u00e1rtok, ne feledj\u00e9tek, hogy 2025. m\u00e1jus 31-ig v\u00e1rjuk t\u0151letek a visszajelz\u00e9st a r\u00e9szv\u00e9teletekkel kapcsolatban. Ezen az oldalon is elk\u00fcldhetitek a visszajelz\u00e9st, a kieg\u00e9sz\u00edt\u0151 inform\u00e1ci\u00f3kat, innen is c\u00e9lba\u00e9r! Bet\u00f6lt\u00e9s\u2026<\/p>\n","protected":false},"author":1,"featured_media":0,"parent":0,"menu_order":0,"comment_status":"closed","ping_status":"closed","template":"","meta":{"_eb_attr":"","footnotes":""},"class_list":["post-255","page","type-page","status-publish","hentry"],"_links":{"self":[{"href":"https:\/\/nagynap.kisgalamb.hu\/index.php?rest_route=\/wp\/v2\/pages\/255","targetHints":{"allow":["GET"]}}],"collection":[{"href":"https:\/\/nagynap.kisgalamb.hu\/index.php?rest_route=\/wp\/v2\/pages"}],"about":[{"href":"https:\/\/nagynap.kisgalamb.hu\/index.php?rest_route=\/wp\/v2\/types\/page"}],"author":[{"embeddable":true,"href":"https:\/\/nagynap.kisgalamb.hu\/index.php?rest_route=\/wp\/v2\/users\/1"}],"replies":[{"embeddable":true,"href":"https:\/\/nagynap.kisgalamb.hu\/index.php?rest_route=%2Fwp%2Fv2%2Fcomments&post=255"}],"version-history":[{"count":9,"href":"https:\/\/nagynap.kisgalamb.hu\/index.php?rest_route=\/wp\/v2\/pages\/255\/revisions"}],"predecessor-version":[{"id":469,"href":"https:\/\/nagynap.kisgalamb.hu\/index.php?rest_route=\/wp\/v2\/pages\/255\/revisions\/469"}],"wp:attachment":[{"href":"https:\/\/nagynap.kisgalamb.hu\/index.php?rest_route=%2Fwp%2Fv2%2Fmedia&parent=255"}],"curies":[{"name":"wp","href":"https:\/\/api.w.org\/{rel}","templated":true}]}}